{"id":127,"date":"2022-03-29T11:49:26","date_gmt":"2022-03-29T16:49:26","guid":{"rendered":"https:\/\/ccpaulovi.edu.co\/cooperativa\/?page_id=127"},"modified":"2025-05-29T19:27:35","modified_gmt":"2025-05-30T00:27:35","slug":"esal","status":"publish","type":"page","link":"https:\/\/ccpaulovi.edu.co\/cooperativa\/esal\/","title":{"rendered":"ESAL"},"content":{"rendered":"\n<p><em>La Cooperativa Multiactiva Paulo VI COOPPAVI, dando cumplimiento a lo establecido en el art\u00edculo&nbsp;364-5 del E.T. Actualizaci\u00f3n&nbsp;ESAL, pone a disposici\u00f3n la siguiente informaci\u00f3n:<\/em><\/p>\n\n\n\n<h3 class=\"wp-block-heading\">1. Certificaci\u00f3n Cargos Directivos<\/h3>\n\n\n\n<div data-wp-interactive=\"core\/file\" class=\"wp-block-file\"><object data-wp-bind--hidden=\"!state.hasPdfPreview\" hidden class=\"wp-block-file__embed\" data=\"https:\/\/ccpaulovi.edu.co\/cooperativa\/wp-content\/uploads\/sites\/2\/2025\/05\/CERTIFICACION-DIRECTIVOS.pdf\" type=\"application\/pdf\" style=\"width:100%;height:600px\" aria-label=\"Incrustado de CERTIFICACI\u00d3N DIRECTIVOS.\"><\/object><a id=\"wp-block-file--media-b5ba2bb8-a1d2-4e9e-a1ac-5684f6faf7ae\" href=\"https:\/\/ccpaulovi.edu.co\/cooperativa\/wp-content\/uploads\/sites\/2\/2025\/05\/CERTIFICACION-DIRECTIVOS.pdf\">CERTIFICACI\u00d3N DIRECTIVOS<\/a><a href=\"https:\/\/ccpaulovi.edu.co\/cooperativa\/wp-content\/uploads\/sites\/2\/2025\/05\/CERTIFICACION-DIRECTIVOS.pdf\" class=\"wp-block-file__button wp-element-button\" download aria-describedby=\"wp-block-file--media-b5ba2bb8-a1d2-4e9e-a1ac-5684f6faf7ae\">Descargar<\/a><\/div>\n\n\n\n<h3 class=\"wp-block-heading\">2. Certificaci\u00f3n numeral 13 Art. 364-5 E.T.<\/h3>\n\n\n\n<div data-wp-interactive=\"core\/file\" class=\"wp-block-file\"><object data-wp-bind--hidden=\"!state.hasPdfPreview\" hidden class=\"wp-block-file__embed\" data=\"https:\/\/ccpaulovi.edu.co\/cooperativa\/wp-content\/uploads\/sites\/2\/2025\/05\/CERTIFICACION-NUMERAL-13.pdf\" type=\"application\/pdf\" style=\"width:100%;height:600px\" aria-label=\"Incrustado de CERTIFICACION NUMERAL 13.\"><\/object><a id=\"wp-block-file--media-9d54045e-e087-4b7b-a4cf-7090dbab53c1\" href=\"https:\/\/ccpaulovi.edu.co\/cooperativa\/wp-content\/uploads\/sites\/2\/2025\/05\/CERTIFICACION-NUMERAL-13.pdf\">CERTIFICACION NUMERAL 13<\/a><a href=\"https:\/\/ccpaulovi.edu.co\/cooperativa\/wp-content\/uploads\/sites\/2\/2025\/05\/CERTIFICACION-NUMERAL-13.pdf\" class=\"wp-block-file__button wp-element-button\" download aria-describedby=\"wp-block-file--media-9d54045e-e087-4b7b-a4cf-7090dbab53c1\">Descargar<\/a><\/div>\n\n\n\n<h3 class=\"wp-block-heading\">3. Certificaci\u00f3n numeral 3 Art. 364-3 E.T.<\/h3>\n\n\n\n<div data-wp-interactive=\"core\/file\" class=\"wp-block-file\"><object data-wp-bind--hidden=\"!state.hasPdfPreview\" hidden class=\"wp-block-file__embed\" data=\"https:\/\/ccpaulovi.edu.co\/cooperativa\/wp-content\/uploads\/sites\/2\/2025\/05\/CERTIFICACION-NUMERAL-3.pdf\" type=\"application\/pdf\" style=\"width:100%;height:600px\" aria-label=\"Incrustado de CERTIFICACI\u00d3N NUMERAL 3.\"><\/object><a id=\"wp-block-file--media-e9114ab5-9bfe-48d2-9e84-5ab58dbb499c\" href=\"https:\/\/ccpaulovi.edu.co\/cooperativa\/wp-content\/uploads\/sites\/2\/2025\/05\/CERTIFICACION-NUMERAL-3.pdf\">CERTIFICACI\u00d3N NUMERAL 3<\/a><a href=\"https:\/\/ccpaulovi.edu.co\/cooperativa\/wp-content\/uploads\/sites\/2\/2025\/05\/CERTIFICACION-NUMERAL-3.pdf\" class=\"wp-block-file__button wp-element-button\" download aria-describedby=\"wp-block-file--media-e9114ab5-9bfe-48d2-9e84-5ab58dbb499c\">Descargar<\/a><\/div>\n\n\n\n<h3 class=\"wp-block-heading\">4. Acta Asamblea General 2025<\/h3>\n\n\n\n<div data-wp-interactive=\"core\/file\" class=\"wp-block-file\"><object data-wp-bind--hidden=\"!state.hasPdfPreview\" hidden class=\"wp-block-file__embed\" data=\"https:\/\/ccpaulovi.edu.co\/cooperativa\/wp-content\/uploads\/sites\/2\/2025\/05\/ACTA-088-ASAMBLEA.pdf\" type=\"application\/pdf\" style=\"width:100%;height:600px\" aria-label=\"Incrustado de ACTA 088 ASAMBLEA.\"><\/object><a id=\"wp-block-file--media-2daef973-c3f2-4e02-9657-aeb22ccc3004\" href=\"https:\/\/ccpaulovi.edu.co\/cooperativa\/wp-content\/uploads\/sites\/2\/2025\/05\/ACTA-088-ASAMBLEA.pdf\">ACTA 088 ASAMBLEA<\/a><a href=\"https:\/\/ccpaulovi.edu.co\/cooperativa\/wp-content\/uploads\/sites\/2\/2025\/05\/ACTA-088-ASAMBLEA.pdf\" class=\"wp-block-file__button wp-element-button\" download aria-describedby=\"wp-block-file--media-2daef973-c3f2-4e02-9657-aeb22ccc3004\">Descargar<\/a><\/div>\n\n\n\n<h2 class=\"wp-block-heading\">5. Estatutos<\/h2>\n\n\n\n<div data-wp-interactive=\"core\/file\" class=\"wp-block-file\"><object data-wp-bind--hidden=\"!state.hasPdfPreview\" hidden class=\"wp-block-file__embed\" data=\"https:\/\/ccpaulovi.edu.co\/cooperativa\/wp-content\/uploads\/sites\/2\/2025\/05\/Estatutos-COOPPAVI.pdf\" type=\"application\/pdf\" style=\"width:100%;height:600px\" aria-label=\"Incrustado de Estatutos COOPPAVI.\"><\/object><a id=\"wp-block-file--media-d47b1505-9a5e-4232-be58-0a009c3a37ba\" href=\"https:\/\/ccpaulovi.edu.co\/cooperativa\/wp-content\/uploads\/sites\/2\/2025\/05\/Estatutos-COOPPAVI.pdf\">Estatutos COOPPAVI<\/a><a href=\"https:\/\/ccpaulovi.edu.co\/cooperativa\/wp-content\/uploads\/sites\/2\/2025\/05\/Estatutos-COOPPAVI.pdf\" class=\"wp-block-file__button wp-element-button\" download aria-describedby=\"wp-block-file--media-d47b1505-9a5e-4232-be58-0a009c3a37ba\">Descargar<\/a><\/div>\n\n\n\n<h2 class=\"wp-block-heading\">6. Informe Gerencial<\/h2>\n\n\n\n<div data-wp-interactive=\"core\/file\" class=\"wp-block-file\"><object data-wp-bind--hidden=\"!state.hasPdfPreview\" hidden class=\"wp-block-file__embed\" data=\"https:\/\/ccpaulovi.edu.co\/cooperativa\/wp-content\/uploads\/sites\/2\/2025\/05\/INFORME-DE-GESTION-GERENCIA-2024.pdf\" type=\"application\/pdf\" style=\"width:100%;height:600px\" aria-label=\"Incrustado de INFORME-DE-GESTION-GERENCIA-2024.\"><\/object><a id=\"wp-block-file--media-11580f20-294b-4ef4-807b-f38d289396e1\" href=\"https:\/\/ccpaulovi.edu.co\/cooperativa\/wp-content\/uploads\/sites\/2\/2025\/05\/INFORME-DE-GESTION-GERENCIA-2024.pdf\">INFORME-DE-GESTION-GERENCIA-2024<\/a><a href=\"https:\/\/ccpaulovi.edu.co\/cooperativa\/wp-content\/uploads\/sites\/2\/2025\/05\/INFORME-DE-GESTION-GERENCIA-2024.pdf\" class=\"wp-block-file__button wp-element-button\" download aria-describedby=\"wp-block-file--media-11580f20-294b-4ef4-807b-f38d289396e1\">Descargar<\/a><\/div>\n\n\n\n<h2 class=\"wp-block-heading\">7. Estados Financieros 2024<\/h2>\n\n\n\n<div data-wp-interactive=\"core\/file\" class=\"wp-block-file\"><object data-wp-bind--hidden=\"!state.hasPdfPreview\" hidden class=\"wp-block-file__embed\" data=\"https:\/\/ccpaulovi.edu.co\/cooperativa\/wp-content\/uploads\/sites\/2\/2025\/05\/ESTADOS-FINANCIEROS-2024_c.pdf\" type=\"application\/pdf\" style=\"width:100%;height:600px\" aria-label=\"Incrustado de ESTADOS FINANCIEROS 2024_c.\"><\/object><a id=\"wp-block-file--media-79298e55-3edc-4194-82cf-c6fba29e7a3d\" href=\"https:\/\/ccpaulovi.edu.co\/cooperativa\/wp-content\/uploads\/sites\/2\/2025\/05\/ESTADOS-FINANCIEROS-2024_c.pdf\">ESTADOS FINANCIEROS 2024_c<\/a><a href=\"https:\/\/ccpaulovi.edu.co\/cooperativa\/wp-content\/uploads\/sites\/2\/2025\/05\/ESTADOS-FINANCIEROS-2024_c.pdf\" class=\"wp-block-file__button wp-element-button\" download aria-describedby=\"wp-block-file--media-79298e55-3edc-4194-82cf-c6fba29e7a3d\">Descargar<\/a><\/div>\n","protected":false},"excerpt":{"rendered":"<p>La Cooperativa Multiactiva Paulo VI COOPPAVI, dando cumplimiento a lo establecido en el art\u00edculo&nbsp;364-5 del E.T. Actualizaci\u00f3n&nbsp;ESAL, pone a disposici\u00f3n la siguiente informaci\u00f3n: 1. Certificaci\u00f3n Cargos Directivos 2. Certificaci\u00f3n numeral 13 Art. 364-5 E.T. 3. Certificaci\u00f3n numeral 3 Art. 364-3 E.T. 4. Acta Asamblea General 2025 5. Estatutos 6. Informe Gerencial 7. Estados Financieros 2024<\/p>\n","protected":false},"author":1,"featured_media":0,"parent":0,"menu_order":0,"comment_status":"closed","ping_status":"closed","template":"","meta":{"footnotes":""},"class_list":["post-127","page","type-page","status-publish","hentry"],"_links":{"self":[{"href":"https:\/\/ccpaulovi.edu.co\/cooperativa\/wp-json\/wp\/v2\/pages\/127","targetHints":{"allow":["GET"]}}],"collection":[{"href":"https:\/\/ccpaulovi.edu.co\/cooperativa\/wp-json\/wp\/v2\/pages"}],"about":[{"href":"https:\/\/ccpaulovi.edu.co\/cooperativa\/wp-json\/wp\/v2\/types\/page"}],"author":[{"embeddable":true,"href":"https:\/\/ccpaulovi.edu.co\/cooperativa\/wp-json\/wp\/v2\/users\/1"}],"replies":[{"embeddable":true,"href":"https:\/\/ccpaulovi.edu.co\/cooperativa\/wp-json\/wp\/v2\/comments?post=127"}],"version-history":[{"count":20,"href":"https:\/\/ccpaulovi.edu.co\/cooperativa\/wp-json\/wp\/v2\/pages\/127\/revisions"}],"predecessor-version":[{"id":535,"href":"https:\/\/ccpaulovi.edu.co\/cooperativa\/wp-json\/wp\/v2\/pages\/127\/revisions\/535"}],"wp:attachment":[{"href":"https:\/\/ccpaulovi.edu.co\/cooperativa\/wp-json\/wp\/v2\/media?parent=127"}],"curies":[{"name":"wp","href":"https:\/\/api.w.org\/{rel}","templated":true}]}}