{"id":9,"date":"2026-02-20T19:50:25","date_gmt":"2026-02-21T00:50:25","guid":{"rendered":"https:\/\/ccpaulovi.edu.co\/cooperativa\/?page_id=9"},"modified":"2026-03-13T12:17:10","modified_gmt":"2026-03-13T17:17:10","slug":"asamblea2026","status":"publish","type":"page","link":"https:\/\/ccpaulovi.edu.co\/cooperativa\/asamblea2026\/","title":{"rendered":"Asamblea 2026"},"content":{"rendered":"\n<p>Estimada comunidad Paulista y asociados de COOPPAVI,<\/p>\n\n\n\n<p>Nos dirigimos a ustedes para proporcionarles informaci\u00f3n de vital importancia que debe ser revisada previamente a la pr\u00f3xima Asamblea General. <strong>Les invitamos cordialmente a revisar detenidamente estos documentos, ya que contienen informaci\u00f3n crucial para la toma de decisiones durante la Asamblea General Ordinaria de Asociados.<\/strong><\/p>\n\n\n\n<p>Asimismo, extendemos una cordial invitaci\u00f3n a todos los asociados h\u00e1biles a participar activamente en la Asamblea General Ordinaria de Asociados que se llevar\u00e1 a cabo el d\u00eda s\u00e1bado 14 de marzo de 2026, en las instalaciones de nuestro colegio, a partir de las 7:00 a.m. <strong>Su presencia y participaci\u00f3n son de suma importancia para el futuro de nuestra cooperativa.<\/strong><\/p>\n\n\n\n<p><strong>Agradecemos de antemano su atenci\u00f3n y dedicaci\u00f3n al revisar estos archivos.<\/strong> <strong>\u00a1Su compromiso y participaci\u00f3n son esenciales para el \u00e9xito de nuestra comunidad!<\/strong><\/p>\n\n\n\n<p>Atentamente,<br><strong>COOPERATIVA MULTIACTIVA PAULO VI \u201cCOOPPAVI\u201d<\/strong><\/p>\n\n\n\n<h2 class=\"wp-block-heading has-text-align-center\">DOCUMENTOS<\/h2>\n\n\n\n<i class=\"fa-solid fa-file-pdf fa-3x\" style=\"color:red\"><\/i>\n\n\n\n<div data-wp-interactive=\"core\/file\" class=\"wp-block-file\"><object data-wp-bind--hidden=\"!state.hasPdfPreview\" hidden class=\"wp-block-file__embed\" data=\"https:\/\/ccpaulovi.edu.co\/cooperativa\/wp-content\/uploads\/sites\/2\/2026\/02\/ACUERDO-No.-001-CONVOCATORIA-ASAMBLEA-2026.pdf\" type=\"application\/pdf\" style=\"width:100%;height:600px\" aria-label=\"Incrustado de ACUERDO No. 001 CONVOCATORIA ASAMBLEA 2026.\"><\/object><a id=\"wp-block-file--media-f0146ecf-6d71-4c03-88a5-9fef06656a38\" href=\"https:\/\/ccpaulovi.edu.co\/cooperativa\/wp-content\/uploads\/sites\/2\/2026\/02\/ACUERDO-No.-001-CONVOCATORIA-ASAMBLEA-2026.pdf\">ACUERDO No. 001 CONVOCATORIA ASAMBLEA 2026<\/a><a href=\"https:\/\/ccpaulovi.edu.co\/cooperativa\/wp-content\/uploads\/sites\/2\/2026\/02\/ACUERDO-No.-001-CONVOCATORIA-ASAMBLEA-2026.pdf\" class=\"wp-block-file__button wp-element-button\" download aria-describedby=\"wp-block-file--media-f0146ecf-6d71-4c03-88a5-9fef06656a38\">Descargar<\/a><\/div>\n\n\n\n<div data-wp-interactive=\"core\/file\" class=\"wp-block-file\"><object data-wp-bind--hidden=\"!state.hasPdfPreview\" hidden class=\"wp-block-file__embed\" data=\"https:\/\/ccpaulovi.edu.co\/cooperativa\/wp-content\/uploads\/sites\/2\/2026\/02\/ANEXO-No.-1-ORDEN-DEL-DIA-1.pdf\" type=\"application\/pdf\" style=\"width:100%;height:600px\" aria-label=\"Incrustado de ANEXO No. 1 ORDEN DEL D\u00cdA  (1).\"><\/object><a id=\"wp-block-file--media-58e92376-2da9-4708-82e3-24c1147d5d6a\" href=\"https:\/\/ccpaulovi.edu.co\/cooperativa\/wp-content\/uploads\/sites\/2\/2026\/02\/ANEXO-No.-1-ORDEN-DEL-DIA-1.pdf\">ANEXO No. 1 ORDEN DEL D\u00cdA  (1)<\/a><a href=\"https:\/\/ccpaulovi.edu.co\/cooperativa\/wp-content\/uploads\/sites\/2\/2026\/02\/ANEXO-No.-1-ORDEN-DEL-DIA-1.pdf\" class=\"wp-block-file__button wp-element-button\" download aria-describedby=\"wp-block-file--media-58e92376-2da9-4708-82e3-24c1147d5d6a\">Descargar<\/a><\/div>\n\n\n\n<div data-wp-interactive=\"core\/file\" class=\"wp-block-file\"><object data-wp-bind--hidden=\"!state.hasPdfPreview\" hidden class=\"wp-block-file__embed\" data=\"https:\/\/ccpaulovi.edu.co\/cooperativa\/wp-content\/uploads\/sites\/2\/2026\/02\/ANEXO-No.-2-REGLAMENTO-ASAMBLEA-.pdf\" type=\"application\/pdf\" style=\"width:100%;height:600px\" aria-label=\"Incrustado de ANEXO No. 2 REGLAMENTO ASAMBLEA.\"><\/object><a id=\"wp-block-file--media-5abbffe9-2b50-4048-aa89-de818e1f8125\" href=\"https:\/\/ccpaulovi.edu.co\/cooperativa\/wp-content\/uploads\/sites\/2\/2026\/02\/ANEXO-No.-2-REGLAMENTO-ASAMBLEA-.pdf\">ANEXO No. 2 REGLAMENTO ASAMBLEA<\/a><a href=\"https:\/\/ccpaulovi.edu.co\/cooperativa\/wp-content\/uploads\/sites\/2\/2026\/02\/ANEXO-No.-2-REGLAMENTO-ASAMBLEA-.pdf\" class=\"wp-block-file__button wp-element-button\" download aria-describedby=\"wp-block-file--media-5abbffe9-2b50-4048-aa89-de818e1f8125\">Descargar<\/a><\/div>\n\n\n\n<div data-wp-interactive=\"core\/file\" class=\"wp-block-file\"><object data-wp-bind--hidden=\"!state.hasPdfPreview\" hidden class=\"wp-block-file__embed\" data=\"https:\/\/ccpaulovi.edu.co\/cooperativa\/wp-content\/uploads\/sites\/2\/2026\/02\/LISTADOS-HABILES-2026.pdf\" type=\"application\/pdf\" style=\"width:100%;height:600px\" aria-label=\"Incrustado de LISTADOS HABILES 2026.\"><\/object><a id=\"wp-block-file--media-c614570f-7676-4a61-95f6-6b9477601e36\" href=\"https:\/\/ccpaulovi.edu.co\/cooperativa\/wp-content\/uploads\/sites\/2\/2026\/02\/LISTADOS-HABILES-2026.pdf\">LISTADOS HABILES 2026<\/a><a href=\"https:\/\/ccpaulovi.edu.co\/cooperativa\/wp-content\/uploads\/sites\/2\/2026\/02\/LISTADOS-HABILES-2026.pdf\" class=\"wp-block-file__button wp-element-button\" download aria-describedby=\"wp-block-file--media-c614570f-7676-4a61-95f6-6b9477601e36\">Descargar<\/a><\/div>\n\n\n\n<div data-wp-interactive=\"core\/file\" class=\"wp-block-file\"><object data-wp-bind--hidden=\"!state.hasPdfPreview\" hidden class=\"wp-block-file__embed\" data=\"https:\/\/ccpaulovi.edu.co\/cooperativa\/wp-content\/uploads\/sites\/2\/2026\/02\/LISTADOS-INHABILES-2026.pdf\" type=\"application\/pdf\" style=\"width:100%;height:600px\" aria-label=\"Incrustado de LISTADOS INHABILES 2026.\"><\/object><a id=\"wp-block-file--media-06c93ae3-06f9-4848-8996-97c4355113e9\" href=\"https:\/\/ccpaulovi.edu.co\/cooperativa\/wp-content\/uploads\/sites\/2\/2026\/02\/LISTADOS-INHABILES-2026.pdf\">LISTADOS INHABILES 2026<\/a><a href=\"https:\/\/ccpaulovi.edu.co\/cooperativa\/wp-content\/uploads\/sites\/2\/2026\/02\/LISTADOS-INHABILES-2026.pdf\" class=\"wp-block-file__button wp-element-button\" download aria-describedby=\"wp-block-file--media-06c93ae3-06f9-4848-8996-97c4355113e9\">Descargar<\/a><\/div>\n\n\n\n\n\n<div data-wp-interactive=\"core\/file\" class=\"wp-block-file\"><object data-wp-bind--hidden=\"!state.hasPdfPreview\" hidden class=\"wp-block-file__embed\" data=\"https:\/\/ccpaulovi.edu.co\/cooperativa\/wp-content\/uploads\/sites\/2\/2026\/02\/CERTIFICACION-ESTADOS-FINANCIEROS-2025.pdf\" type=\"application\/pdf\" style=\"width:100%;height:600px\" aria-label=\"Incrustado de CERTIFICACION ESTADOS FINANCIEROS 2025.\"><\/object><a id=\"wp-block-file--media-0ba1701b-9ed6-43a2-8af1-175a7c77f91c\" href=\"https:\/\/ccpaulovi.edu.co\/cooperativa\/wp-content\/uploads\/sites\/2\/2026\/02\/CERTIFICACION-ESTADOS-FINANCIEROS-2025.pdf\">CERTIFICACION ESTADOS FINANCIEROS 2025<\/a><a href=\"https:\/\/ccpaulovi.edu.co\/cooperativa\/wp-content\/uploads\/sites\/2\/2026\/02\/CERTIFICACION-ESTADOS-FINANCIEROS-2025.pdf\" class=\"wp-block-file__button wp-element-button\" download aria-describedby=\"wp-block-file--media-0ba1701b-9ed6-43a2-8af1-175a7c77f91c\">Descargar<\/a><\/div>\n\n\n\n<div data-wp-interactive=\"core\/file\" class=\"wp-block-file\"><object data-wp-bind--hidden=\"!state.hasPdfPreview\" hidden class=\"wp-block-file__embed\" data=\"https:\/\/ccpaulovi.edu.co\/cooperativa\/wp-content\/uploads\/sites\/2\/2026\/02\/ESF-2025-2024.pdf\" type=\"application\/pdf\" style=\"width:100%;height:600px\" aria-label=\"Incrustado de ESF 2025-2024.\"><\/object><a id=\"wp-block-file--media-06f87084-9ad9-46f7-850c-8bf5f296154a\" href=\"https:\/\/ccpaulovi.edu.co\/cooperativa\/wp-content\/uploads\/sites\/2\/2026\/02\/ESF-2025-2024.pdf\">ESF 2025-2024<\/a><a href=\"https:\/\/ccpaulovi.edu.co\/cooperativa\/wp-content\/uploads\/sites\/2\/2026\/02\/ESF-2025-2024.pdf\" class=\"wp-block-file__button wp-element-button\" download aria-describedby=\"wp-block-file--media-06f87084-9ad9-46f7-850c-8bf5f296154a\">Descargar<\/a><\/div>\n\n\n\n<div data-wp-interactive=\"core\/file\" class=\"wp-block-file\"><object data-wp-bind--hidden=\"!state.hasPdfPreview\" hidden class=\"wp-block-file__embed\" data=\"https:\/\/ccpaulovi.edu.co\/cooperativa\/wp-content\/uploads\/sites\/2\/2026\/02\/ERI-2025-2024_compressed.pdf\" type=\"application\/pdf\" style=\"width:100%;height:600px\" aria-label=\"Incrustado de ERI 2025-2024_compressed.\"><\/object><a id=\"wp-block-file--media-13e4e1fd-71e0-4b37-ae01-33272a82b277\" href=\"https:\/\/ccpaulovi.edu.co\/cooperativa\/wp-content\/uploads\/sites\/2\/2026\/02\/ERI-2025-2024_compressed.pdf\">ERI 2025-2024_compressed<\/a><a href=\"https:\/\/ccpaulovi.edu.co\/cooperativa\/wp-content\/uploads\/sites\/2\/2026\/02\/ERI-2025-2024_compressed.pdf\" class=\"wp-block-file__button wp-element-button\" download aria-describedby=\"wp-block-file--media-13e4e1fd-71e0-4b37-ae01-33272a82b277\">Descargar<\/a><\/div>\n\n\n\n<div data-wp-interactive=\"core\/file\" class=\"wp-block-file\"><object data-wp-bind--hidden=\"!state.hasPdfPreview\" hidden class=\"wp-block-file__embed\" data=\"https:\/\/ccpaulovi.edu.co\/cooperativa\/wp-content\/uploads\/sites\/2\/2026\/03\/ESTADO-DE-CAMBIOS-PATRIMONIO-2025.pdf\" type=\"application\/pdf\" style=\"width:100%;height:600px\" aria-label=\"Incrustado de ESTADO DE CAMBIOS PATRIMONIO 2025.\"><\/object><a id=\"wp-block-file--media-2cf3b5b6-9aba-4add-853b-0a00bb987c45\" href=\"https:\/\/ccpaulovi.edu.co\/cooperativa\/wp-content\/uploads\/sites\/2\/2026\/03\/ESTADO-DE-CAMBIOS-PATRIMONIO-2025.pdf\">ESTADO DE CAMBIOS PATRIMONIO 2025<\/a><a href=\"https:\/\/ccpaulovi.edu.co\/cooperativa\/wp-content\/uploads\/sites\/2\/2026\/03\/ESTADO-DE-CAMBIOS-PATRIMONIO-2025.pdf\" class=\"wp-block-file__button wp-element-button\" download aria-describedby=\"wp-block-file--media-2cf3b5b6-9aba-4add-853b-0a00bb987c45\">Descargar<\/a><\/div>\n\n\n\n<div data-wp-interactive=\"core\/file\" class=\"wp-block-file\"><object data-wp-bind--hidden=\"!state.hasPdfPreview\" hidden class=\"wp-block-file__embed\" data=\"https:\/\/ccpaulovi.edu.co\/cooperativa\/wp-content\/uploads\/sites\/2\/2026\/03\/FLUJO-DE-EFECTIVO-2025-1.pdf\" type=\"application\/pdf\" style=\"width:100%;height:600px\" aria-label=\"Incrustado de FLUJO DE EFECTIVO 2025.\"><\/object><a id=\"wp-block-file--media-b5338476-751b-48b9-84ce-9dbc8ae2c9f4\" href=\"https:\/\/ccpaulovi.edu.co\/cooperativa\/wp-content\/uploads\/sites\/2\/2026\/03\/FLUJO-DE-EFECTIVO-2025-1.pdf\">FLUJO DE EFECTIVO 2025<\/a><a href=\"https:\/\/ccpaulovi.edu.co\/cooperativa\/wp-content\/uploads\/sites\/2\/2026\/03\/FLUJO-DE-EFECTIVO-2025-1.pdf\" class=\"wp-block-file__button wp-element-button\" download aria-describedby=\"wp-block-file--media-b5338476-751b-48b9-84ce-9dbc8ae2c9f4\">Descargar<\/a><\/div>\n\n\n\n<div data-wp-interactive=\"core\/file\" class=\"wp-block-file\"><object data-wp-bind--hidden=\"!state.hasPdfPreview\" hidden class=\"wp-block-file__embed\" data=\"https:\/\/ccpaulovi.edu.co\/cooperativa\/wp-content\/uploads\/sites\/2\/2026\/02\/NOTAS-A-LOS-ESTADOS-FINANCIEROS-2025.pdf\" type=\"application\/pdf\" style=\"width:100%;height:600px\" aria-label=\"Incrustado de NOTAS A LOS ESTADOS FINANCIEROS 2025.\"><\/object><a id=\"wp-block-file--media-dab2b15b-073b-4179-ae03-c8d3c6e98ff2\" href=\"https:\/\/ccpaulovi.edu.co\/cooperativa\/wp-content\/uploads\/sites\/2\/2026\/02\/NOTAS-A-LOS-ESTADOS-FINANCIEROS-2025.pdf\">NOTAS A LOS ESTADOS FINANCIEROS 2025<\/a><a href=\"https:\/\/ccpaulovi.edu.co\/cooperativa\/wp-content\/uploads\/sites\/2\/2026\/02\/NOTAS-A-LOS-ESTADOS-FINANCIEROS-2025.pdf\" class=\"wp-block-file__button wp-element-button\" download aria-describedby=\"wp-block-file--media-dab2b15b-073b-4179-ae03-c8d3c6e98ff2\">Descargar<\/a><\/div>\n\n\n\n<div data-wp-interactive=\"core\/file\" class=\"wp-block-file\"><object data-wp-bind--hidden=\"!state.hasPdfPreview\" hidden class=\"wp-block-file__embed\" data=\"https:\/\/ccpaulovi.edu.co\/cooperativa\/wp-content\/uploads\/sites\/2\/2026\/03\/INFORME-DE-GESTION-GERENCIA-2025-version-final-1.pdf\" type=\"application\/pdf\" style=\"width:100%;height:600px\" aria-label=\"Incrustado de INFORME DE GESTION GERENCIA 2025 version final.\"><\/object><a id=\"wp-block-file--media-0d5f5c0b-84f1-45b2-be02-68b9cb4aff03\" href=\"https:\/\/ccpaulovi.edu.co\/cooperativa\/wp-content\/uploads\/sites\/2\/2026\/03\/INFORME-DE-GESTION-GERENCIA-2025-version-final-1.pdf\">INFORME DE GESTION GERENCIA 2025 version final<\/a><a href=\"https:\/\/ccpaulovi.edu.co\/cooperativa\/wp-content\/uploads\/sites\/2\/2026\/03\/INFORME-DE-GESTION-GERENCIA-2025-version-final-1.pdf\" class=\"wp-block-file__button wp-element-button\" download aria-describedby=\"wp-block-file--media-0d5f5c0b-84f1-45b2-be02-68b9cb4aff03\">Descargar<\/a><\/div>\n\n\n\n<div data-wp-interactive=\"core\/file\" class=\"wp-block-file\"><object data-wp-bind--hidden=\"!state.hasPdfPreview\" hidden class=\"wp-block-file__embed\" data=\"https:\/\/ccpaulovi.edu.co\/cooperativa\/wp-content\/uploads\/sites\/2\/2026\/03\/INFORME-JUNTA-DE-VIGILANCIA_20260305172000538.pdf\" type=\"application\/pdf\" style=\"width:100%;height:600px\" aria-label=\"Incrustado de INFORME JUNTA DE VIGILANCIA_20260305172000538.\"><\/object><a id=\"wp-block-file--media-70f8f766-be93-4326-8d6c-21d57a6ccbda\" href=\"https:\/\/ccpaulovi.edu.co\/cooperativa\/wp-content\/uploads\/sites\/2\/2026\/03\/INFORME-JUNTA-DE-VIGILANCIA_20260305172000538.pdf\">INFORME JUNTA DE VIGILANCIA_20260305172000538<\/a><a href=\"https:\/\/ccpaulovi.edu.co\/cooperativa\/wp-content\/uploads\/sites\/2\/2026\/03\/INFORME-JUNTA-DE-VIGILANCIA_20260305172000538.pdf\" class=\"wp-block-file__button wp-element-button\" download aria-describedby=\"wp-block-file--media-70f8f766-be93-4326-8d6c-21d57a6ccbda\">Descargar<\/a><\/div>\n\n\n\n<div data-wp-interactive=\"core\/file\" class=\"wp-block-file\"><object data-wp-bind--hidden=\"!state.hasPdfPreview\" hidden class=\"wp-block-file__embed\" data=\"https:\/\/ccpaulovi.edu.co\/cooperativa\/wp-content\/uploads\/sites\/2\/2026\/03\/Dictamen-RF-Vigencia-2025-COOPPAVI.pdf\" type=\"application\/pdf\" style=\"width:100%;height:600px\" aria-label=\"Incrustado de Dictamen RF Vigencia 2025 COOPPAVI.\"><\/object><a id=\"wp-block-file--media-8e55d7f1-e301-4896-84b3-0f6de35d521b\" href=\"https:\/\/ccpaulovi.edu.co\/cooperativa\/wp-content\/uploads\/sites\/2\/2026\/03\/Dictamen-RF-Vigencia-2025-COOPPAVI.pdf\">Dictamen RF Vigencia 2025 COOPPAVI<\/a><a href=\"https:\/\/ccpaulovi.edu.co\/cooperativa\/wp-content\/uploads\/sites\/2\/2026\/03\/Dictamen-RF-Vigencia-2025-COOPPAVI.pdf\" class=\"wp-block-file__button wp-element-button\" download aria-describedby=\"wp-block-file--media-8e55d7f1-e301-4896-84b3-0f6de35d521b\">Descargar<\/a><\/div>\n\n\n\n<div data-wp-interactive=\"core\/file\" class=\"wp-block-file\"><object data-wp-bind--hidden=\"!state.hasPdfPreview\" hidden class=\"wp-block-file__embed\" data=\"https:\/\/ccpaulovi.edu.co\/cooperativa\/wp-content\/uploads\/sites\/2\/2026\/03\/Informe-Complementario-al-Dictamen-2025-COOPPAVI.pdf\" type=\"application\/pdf\" style=\"width:100%;height:600px\" aria-label=\"Incrustado de Informe Complementario al Dictamen 2025 COOPPAVI.\"><\/object><a id=\"wp-block-file--media-a9bbad33-8452-49ad-8687-fd2333b50733\" href=\"https:\/\/ccpaulovi.edu.co\/cooperativa\/wp-content\/uploads\/sites\/2\/2026\/03\/Informe-Complementario-al-Dictamen-2025-COOPPAVI.pdf\">Informe Complementario al Dictamen 2025 COOPPAVI<\/a><a href=\"https:\/\/ccpaulovi.edu.co\/cooperativa\/wp-content\/uploads\/sites\/2\/2026\/03\/Informe-Complementario-al-Dictamen-2025-COOPPAVI.pdf\" class=\"wp-block-file__button wp-element-button\" download aria-describedby=\"wp-block-file--media-a9bbad33-8452-49ad-8687-fd2333b50733\">Descargar<\/a><\/div>\n","protected":false},"excerpt":{"rendered":"<p>Estimada comunidad Paulista y asociados de COOPPAVI, Nos dirigimos a ustedes para proporcionarles informaci\u00f3n de vital importancia que debe ser revisada previamente a la pr\u00f3xima Asamblea General. Les invitamos cordialmente a revisar detenidamente estos documentos, ya que contienen informaci\u00f3n crucial para la toma de decisiones durante la Asamblea General Ordinaria de Asociados. Asimismo, extendemos una [&hellip;]<\/p>\n","protected":false},"author":1,"featured_media":0,"parent":0,"menu_order":0,"comment_status":"closed","ping_status":"closed","template":"","meta":{"footnotes":""},"class_list":["post-9","page","type-page","status-publish","hentry"],"_links":{"self":[{"href":"https:\/\/ccpaulovi.edu.co\/cooperativa\/wp-json\/wp\/v2\/pages\/9","targetHints":{"allow":["GET"]}}],"collection":[{"href":"https:\/\/ccpaulovi.edu.co\/cooperativa\/wp-json\/wp\/v2\/pages"}],"about":[{"href":"https:\/\/ccpaulovi.edu.co\/cooperativa\/wp-json\/wp\/v2\/types\/page"}],"author":[{"embeddable":true,"href":"https:\/\/ccpaulovi.edu.co\/cooperativa\/wp-json\/wp\/v2\/users\/1"}],"replies":[{"embeddable":true,"href":"https:\/\/ccpaulovi.edu.co\/cooperativa\/wp-json\/wp\/v2\/comments?post=9"}],"version-history":[{"count":78,"href":"https:\/\/ccpaulovi.edu.co\/cooperativa\/wp-json\/wp\/v2\/pages\/9\/revisions"}],"predecessor-version":[{"id":573,"href":"https:\/\/ccpaulovi.edu.co\/cooperativa\/wp-json\/wp\/v2\/pages\/9\/revisions\/573"}],"wp:attachment":[{"href":"https:\/\/ccpaulovi.edu.co\/cooperativa\/wp-json\/wp\/v2\/media?parent=9"}],"curies":[{"name":"wp","href":"https:\/\/api.w.org\/{rel}","templated":true}]}}