{"id":93,"date":"2022-03-07T09:11:50","date_gmt":"2022-03-07T14:11:50","guid":{"rendered":"https:\/\/ccpaulovi.edu.co\/cooperativa\/?page_id=93"},"modified":"2024-08-03T09:01:45","modified_gmt":"2024-08-03T14:01:45","slug":"consejo-de-administracion","status":"publish","type":"page","link":"https:\/\/ccpaulovi.edu.co\/cooperativa\/consejo-de-administracion\/","title":{"rendered":"Consejo de administraci\u00f3n"},"content":{"rendered":"\n<p>A continuaci\u00f3n encontrara el listado de las personas que integran el consejo administrativo:<\/p>\n\n\n\n<p class=\"has-text-align-center p-1 has-white-color has-text-color has-background has-medium-font-size\" style=\"background-color:#59a5d1\">PRINCIPALES<\/p>\n\n\n\n<div class=\"wp-block-columns is-layout-flex wp-container-core-columns-is-layout-9d6595d7 wp-block-columns-is-layout-flex\">\n<div class=\"wp-block-column is-layout-flow wp-block-column-is-layout-flow\" style=\"flex-basis:100%\">\n<figure class=\"wp-block-table is-style-stripes\"><table><thead><tr><td class=\"has-text-align-center\" data-align=\"center\"><strong>No.<\/strong><\/td><td><strong>NOMBRES Y APELLIDOS<\/strong><\/td><\/tr><\/thead><tbody><tr><td class=\"has-text-align-center\" data-align=\"center\">1<\/td><td>Diana Marcela Velasco Castellanos<\/td><\/tr><tr><td class=\"has-text-align-center\" data-align=\"center\">2<\/td><td>Mary Isabel S\u00e1nchez Rosado<\/td><\/tr><tr><td class=\"has-text-align-center\" data-align=\"center\">3<\/td><td>Daniel Arturo Moreno Vargas<\/td><\/tr><tr><td class=\"has-text-align-center\" data-align=\"center\">4<\/td><td>Carlos Eduardo Ram\u00edrez Rocha<\/td><\/tr><tr><td class=\"has-text-align-center\" data-align=\"center\">5<\/td><td>Roc\u00edo Alay\u00f3n Cifuentes<\/td><\/tr><\/tbody><\/table><\/figure>\n<\/div>\n<\/div>\n\n\n\n<p><\/p>\n","protected":false},"excerpt":{"rendered":"<p>A continuaci\u00f3n encontrara el listado de las personas que integran el consejo administrativo: PRINCIPALES No. NOMBRES Y APELLIDOS 1 Diana Marcela Velasco Castellanos 2 Mary Isabel S\u00e1nchez Rosado 3 Daniel Arturo Moreno Vargas 4 Carlos Eduardo Ram\u00edrez Rocha 5 Roc\u00edo Alay\u00f3n Cifuentes<\/p>\n","protected":false},"author":1,"featured_media":0,"parent":0,"menu_order":0,"comment_status":"closed","ping_status":"closed","template":"","meta":{"footnotes":""},"class_list":["post-93","page","type-page","status-publish","hentry"],"_links":{"self":[{"href":"https:\/\/ccpaulovi.edu.co\/cooperativa\/wp-json\/wp\/v2\/pages\/93","targetHints":{"allow":["GET"]}}],"collection":[{"href":"https:\/\/ccpaulovi.edu.co\/cooperativa\/wp-json\/wp\/v2\/pages"}],"about":[{"href":"https:\/\/ccpaulovi.edu.co\/cooperativa\/wp-json\/wp\/v2\/types\/page"}],"author":[{"embeddable":true,"href":"https:\/\/ccpaulovi.edu.co\/cooperativa\/wp-json\/wp\/v2\/users\/1"}],"replies":[{"embeddable":true,"href":"https:\/\/ccpaulovi.edu.co\/cooperativa\/wp-json\/wp\/v2\/comments?post=93"}],"version-history":[{"count":11,"href":"https:\/\/ccpaulovi.edu.co\/cooperativa\/wp-json\/wp\/v2\/pages\/93\/revisions"}],"predecessor-version":[{"id":481,"href":"https:\/\/ccpaulovi.edu.co\/cooperativa\/wp-json\/wp\/v2\/pages\/93\/revisions\/481"}],"wp:attachment":[{"href":"https:\/\/ccpaulovi.edu.co\/cooperativa\/wp-json\/wp\/v2\/media?parent=93"}],"curies":[{"name":"wp","href":"https:\/\/api.w.org\/{rel}","templated":true}]}}