{"id":97,"date":"2022-03-07T09:14:51","date_gmt":"2022-03-07T14:14:51","guid":{"rendered":"https:\/\/ccpaulovi.edu.co\/cooperativa\/?page_id=97"},"modified":"2024-08-01T07:57:50","modified_gmt":"2024-08-01T12:57:50","slug":"junta-de-vigilancia","status":"publish","type":"page","link":"https:\/\/ccpaulovi.edu.co\/cooperativa\/junta-de-vigilancia\/","title":{"rendered":"Junta de vigilancia"},"content":{"rendered":"\n<p>Le informamos a toda nuestra comunidad que la Junta de Vigilancia ha habilitado el siguiente correo electr\u00f3nico para cualquier inquietud o sugerencia de los asociados: <a href=\"mailto:juntadevigilancia@ccpaulovi.edu.co\" target=\"_blank\" rel=\"noreferrer noopener\"><strong>juntadevigilancia@ccpaulovi.edu.co<\/strong><\/a><\/p>\n\n\n\n<p>A continuaci\u00f3n encontrara el listado de las personas que integran la junta de vigilancia:<\/p>\n\n\n\n<p class=\"has-text-align-center p-1 has-white-color has-text-color has-background has-medium-font-size\" style=\"background-color:#59a5d1\">PRINCIPALES<\/p>\n\n\n\n<figure class=\"wp-block-table is-style-stripes\"><table><thead><tr><th> No. <\/th><th> NOMBRES Y APELLIDOS<\/th><\/tr><\/thead><tbody><tr><td>1<\/td><td>Jenny Alexandra Mora Salazar<\/td><\/tr><tr><td>2<\/td><td>Sonia Edith Montenegro Pardo<\/td><\/tr><tr><td>3<\/td><td>Erika Janeth Ayala Rico<\/td><\/tr><\/tbody><\/table><\/figure>\n\n\n\n<p class=\"has-text-align-center p-1 has-white-color has-text-color has-background has-medium-font-size\" style=\"background-color:#59a5d1\"> SUPLENTES<\/p>\n\n\n\n<figure class=\"wp-block-table is-style-stripes\"><table><thead><tr><th> No. <\/th><th>  NOMBRES Y APELLIDOS <\/th><\/tr><\/thead><tbody><tr><td>1<\/td><td>Deisy Nayibe Sastoque<\/td><\/tr><tr><td>2<\/td><td>Mar\u00eda del Pilar Garc\u00eda Chapet\u00f3n   <\/td><\/tr><tr><td>3<\/td><td>Ana Deysi Mart\u00ednez Ria\u00f1o<\/td><\/tr><\/tbody><\/table><\/figure>\n","protected":false},"excerpt":{"rendered":"<p>Le informamos a toda nuestra comunidad que la Junta de Vigilancia ha habilitado el siguiente correo electr\u00f3nico para cualquier inquietud o sugerencia de los asociados: juntadevigilancia@ccpaulovi.edu.co A continuaci\u00f3n encontrara el listado de las personas que integran la junta de vigilancia: PRINCIPALES No. NOMBRES Y APELLIDOS 1 Jenny Alexandra Mora Salazar 2 Sonia Edith Montenegro Pardo [&hellip;]<\/p>\n","protected":false},"author":1,"featured_media":0,"parent":0,"menu_order":0,"comment_status":"closed","ping_status":"closed","template":"","meta":{"footnotes":""},"class_list":["post-97","page","type-page","status-publish","hentry"],"_links":{"self":[{"href":"https:\/\/ccpaulovi.edu.co\/cooperativa\/wp-json\/wp\/v2\/pages\/97","targetHints":{"allow":["GET"]}}],"collection":[{"href":"https:\/\/ccpaulovi.edu.co\/cooperativa\/wp-json\/wp\/v2\/pages"}],"about":[{"href":"https:\/\/ccpaulovi.edu.co\/cooperativa\/wp-json\/wp\/v2\/types\/page"}],"author":[{"embeddable":true,"href":"https:\/\/ccpaulovi.edu.co\/cooperativa\/wp-json\/wp\/v2\/users\/1"}],"replies":[{"embeddable":true,"href":"https:\/\/ccpaulovi.edu.co\/cooperativa\/wp-json\/wp\/v2\/comments?post=97"}],"version-history":[{"count":4,"href":"https:\/\/ccpaulovi.edu.co\/cooperativa\/wp-json\/wp\/v2\/pages\/97\/revisions"}],"predecessor-version":[{"id":478,"href":"https:\/\/ccpaulovi.edu.co\/cooperativa\/wp-json\/wp\/v2\/pages\/97\/revisions\/478"}],"wp:attachment":[{"href":"https:\/\/ccpaulovi.edu.co\/cooperativa\/wp-json\/wp\/v2\/media?parent=97"}],"curies":[{"name":"wp","href":"https:\/\/api.w.org\/{rel}","templated":true}]}}